{"id":3,"date":"2025-11-17T21:11:06","date_gmt":"2025-11-17T21:11:06","guid":{"rendered":"http:\/\/new.crisptitanium.com\/?page_id=3"},"modified":"2025-12-13T08:17:40","modified_gmt":"2025-12-13T08:17:40","slug":"privacy-policy","status":"publish","type":"page","link":"https:\/\/crisptitanium.com\/it\/privacy-policy\/","title":{"rendered":"politica sulla riservatezza"},"content":{"rendered":"<div style=\"height:89px\" aria-hidden=\"true\" class=\"wp-block-spacer\"><\/div>\n\n\n\n<p><strong>politica sulla riservatezza<\/strong><\/p>\n\n\n\n<p><strong>Informativa per il trattamento dei dati personali Documento informativo ai sensi e per gli effetti di cui all&#039;articolo 13, Regolamento (UE) 2016\/679<\/strong><\/p>\n\n\n\n<p>In osservanza al Regolamento (UE) 2016\/679, siamo a fornire le dovute informazioni in ordine al trattamento dei dati personali da lei forniti. L&#039;informativa non \u00e8 da considerarsi valida per altri siti web eventualmente consultabili tramite links presenti sui siti internet a dominio del titolare, che non \u00e8 da considerarsi in alcun modo responsabile dei siti internet dei terzi.<\/p>\n\n\n\n<p>Si tratta di un&#039;informativa che \u00e8 resa anche ai sensi dell&#039;art. 13 del Regolamento (UE) 2016\/679. L&#039;informativa si ispira anche alla Raccomandazione n. 2\/2001 che le autorit\u00e0 europee per la protezione dei dati personali, riunite nel Gruppo istituito dall&#039;art. 29 della direttiva n. 95\/46\/CE, hanno approvato il 17 maggio 2001 per individuare alcuni requisiti minimi per la raccolta di dati personali on-line, e, in particolare, le modalit\u00e0, i tempi e la natura delle informazioni che i titolari del trattamento devono fornire agli utenti quando questi si collegano a pagine web, indipendentemente dagli scopi del collegamento, nonch\u00e9 a quanto previsto dalla Direttiva 2002\/58\/CE, come aggiornata dalla Direttiva 2009\/136\/CE, in materia di Cookie, nonch\u00e9 a quanto previsto dal Provvedimento dell&#039;Autorit\u00e0 Garante per la protezione dei dati personali del 08.05.2014 in materia di cookie denominato &lt;<em>Individuazione delle modalit\u00e0 semplificate per l&#039;informativa e l&#039;acquisizione del consenso per l&#039;uso dei cookie<\/em>&gt;&gt;<\/p>\n\n\n\n<ol class=\"wp-block-list\">\n<li><strong>IL \u201cTITOLARE\u201d DEL TRATTAMENTO<\/strong>, ai sensi dell&#039; articolo 4.7 del Regolamento (UE) 2016\/679 \u00e8 CRISP CYCLE GROUP \u2013 VIA MAMMI 50, CASTIGLION FIORENTINO (AR), 52043, ITALIA, Tel. 0575 659181, info@crisptitanium.com, nella persona del legale rappresentante nella persona del legale rappresentante DARREN CRISP.<\/li>\n<\/ol>\n\n\n\n<p><strong>RESPONSABILE DEL TRATTAMENTO<\/strong>, ai sensi dell&#039;articolo 4.8 del Regolamento (UE) 2016\/679 \u00e8, tra gli altri, CRISP CYCLE GROUP con sede legale in VIA MAMMI 50, CASTIGLION FIORENTINO (AR), 52043, ITALIA<\/p>\n\n\n\n<ol start=\"2\" class=\"wp-block-list\">\n<li><strong>TIPI DI DATI TRATTATI<\/strong><\/li>\n<\/ol>\n\n\n\n<p><strong><em>Dato personale e identificativo.<\/em><\/strong><\/p>\n\n\n\n<p>Dato personale, qualunque informazione relativa a persona fisica, identificata o identificabile, anche comunicazione, mediante riferimento a qualsiasi altra informazione, ivi compreso un numero di identificazione personale; Dati identificativi, i dati personali che consentono l&#039;identificazione diretta dell&#039;interessato (quali a titolo esemplificativo nome, cognome, indirizzo e-mail, indirizzo, numero di telefono, ecc\u2026).<\/p>\n\n\n\n<p><strong><em>Dati di navigazione<\/em><\/strong><\/p>\n\n\n\n<p>I sistemi informatici e le procedure software preposte al funzionamento di questo sito web acquisiscono, nel corso del loro normale esercizio, alcuni dati personali la cui trasmissione \u00e8 implicita nell&#039;uso dei protocolli di comunicazione di Internet. Si tratta di informazioni che non sono raccolte per essere associare una identificazione degli interessati, ma che per loro stessa natura potrebbero, attraverso elaborazioni ed associazioni con dati detenuti da terzi, permettere di identificare gli utenti. In questa categoria di dati rientrano gli indirizzi IP oi nomi a dominio dei computer utilizzati dagli utenti che si connettono al sito, gli indirizzi in notazione URI (Uniform Resource Identifier) delle risorse richieste, l&#039;orario della richiesta, il metodo utilizzato nel sottoporre la richiesta al server, la dimensione del file ottenuto in risposta, il codice numerico indicante lo stato della risposta dati dal server (buon fine, errore, ecc.) ed altri parametri relativi al sistema operativo e all&#039;ambiente informatico dell&#039;utente. Questi dati vengono utilizzati al solo fine per ricavare informazioni statistiche anonime sull&#039;uso del sito e per controllarne il corretto funzionamento.<\/p>\n\n\n\n<p><strong><em>Difesa in giudizio<\/em><\/strong><\/p>\n\n\n\n<p>I Dati Personali dell&#039;Utente possono essere utilizzati per la difesa da parte del Titolare in giudizio o nelle fasi propedeutiche alla sua eventuale instaurazione, da abuso nell&#039;utilizzo della stessa o dei servizi connessi da parte dell&#039;Utente. I dati potrebbero essere utilizzati per l&#039;accertamento di responsabilit\u00e0 in caso di ipotetici reati informatici ai danni del sito.<\/p>\n\n\n\n<p><strong><em>Manutenzione<\/em><\/strong><\/p>\n\n\n\n<p>I Dati Personali dell&#039;Utente possono essere trattati con modalit\u00e0 e finalit\u00e0 aggiuntive legate alla manutenzione dei sistemi.<\/p>\n\n\n\n<p><strong><em>Dati forniti intenzionalmente dall&#039;utente<\/em><\/strong><\/p>\n\n\n\n<p>L&#039;invio facoltativo, esplicito e volontario di posta elettronica agli indirizzi indicati su questo sito o la compilazione di form di raccolta dati (qualora presenti), comporta la successiva acquisizione dell&#039;indirizzo del mittente, necessaria per rispondere alle richieste, nonch\u00e9 degli eventuali altri dati personali inseriti.<\/p>\n\n\n\n<p>Specifiche informative<\/p>\n\n\n\n<p>Le informative specifiche potrebbero essere presentate nelle pagine del Sito in relazione a particolari servizi o trattamenti dei Dati forniti dall&#039;Utente o dall&#039;Interessato.<\/p>\n\n\n\n<p><strong><em>Biscotti<\/em><\/strong><\/p>\n\n\n\n<p>Si veda al seguente link la cookie policy<\/p>\n\n\n\n<ol start=\"3\" class=\"wp-block-list\">\n<li><strong>FINALITA&#039;, BASE GIURIDICA DEL TRATTAMENTO, E LEGITTIMO INTERESSE<\/strong><\/li>\n<\/ol>\n\n\n\n<p>Ai sensi dell&#039;art. 6 paragrafo 1 lettere bi dati personali volontariamente forniti saranno oggetto di trattamento per le seguenti finalit\u00e0, fino a sua opposizione:<\/p>\n\n\n\n<ul class=\"wp-block-list\">\n<li>navigazione sul presente sito internet;<\/li>\n\n\n\n<li>richiesta eventuale di contatto, con invio di informazioni da Lei richieste;<\/li>\n<\/ul>\n\n\n\n<ol start=\"4\" class=\"wp-block-list\">\n<li><strong>MODALIT\u00c0 DEL TRATTAMENTO \u2013 CONSERVAZIONE<\/strong><\/li>\n<\/ol>\n\n\n\n<p>Il trattamento sar\u00e0 svolto in forma automatizzata e manuale, con modalit\u00e0 e strumenti volti a garantire la massima sicurezza e riservatezza, ad opera di soggetti di ci\u00f2 appositamente incaricati in ottemperanza a quanto previsto dall&#039;art. 32 del Regolamento (UE) 2016\/679. I dati saranno conservati per un periodo non superiore agli scopi per i quali i dati sono stati raccolti e successivamente trattati. I trattamenti connessi ai servizi web offerti da questo sito saranno fisicamente posti \u201cin hosting\u201d presso societ\u00e0 terze.<\/p>\n\n\n\n<p>CRISP CYCLE GROUP utilizza il servizio \u201cMETRICS\u201d presso societ\u00e0 terza, Inmotion Hosting i cui Data Center sono allocati negli stati unit\u00e0 d&#039;america Grazie ai report CRISP CYCLE GROUP potr\u00e0 conoscere in modo anonimo, per esempio: il numero dei lettori unici, delle aperture, dei \u201ccliccatori\u201d unici e dei clic; dispositivi utilizzati per leggere il messaggio (IPhone, Blackberry, Nokia\u2026); sistemi operativi utilizzati per leggere il messaggio (Windows, Apple, Linux, Android\u2026); dettaglio sull&#039;attivit\u00e0 degli utenti; clic tracking, cio\u00e8 quali link sono stati cliccati ma non da chi; mappa grafica dei link per visualizzare l&#039;area che ha riscosso maggior interesse.<\/p>\n\n\n\n<ol start=\"5\" class=\"wp-block-list\">\n<li><strong>AMBITO DI COMUNICAZIONE, DIFFUSIONE E TRASFERIMENTO DEI DATI ALL&#039;ESTERO<\/strong><\/li>\n<\/ol>\n\n\n\n<p>I Suoi dati, oggetto del trattamento, non saranno diffusi e potranno essere comunicati a societ\u00e0 contrattualmente legata a CRISP CYCLE GROUP all&#039;interno dell&#039;Unione Europea, in conformit\u00e0 e nei limiti di cui all&#039;art. 44 del Regolamento (UE) 2016\/679, al fine di ottemperare ai contratti o finalit\u00e0 connesse.<\/p>\n\n\n\n<p>I Suoi dati potranno essere comunicati a terzi appartenenti alle seguenti categorie:<\/p>\n\n\n\n<ul class=\"wp-block-list\">\n<li>soggetti che forniscono servizi per la gestione del sistema informativo utilizzato da CRISP CYCLE GROUP e delle reti di telecomunicazioni, ivi compresa la posta elettronica, newsletter e gestione siti internet;<\/li>\n\n\n\n<li>studi o societ\u00e0 nell&#039;ambito di rapporti di assistenza e consulenza;<\/li>\n\n\n\n<li>autorit\u00e0 competenti per adempimenti di obblighi di leggi e\/o di disposizioni di organi pubblici, su richiesta.<\/li>\n<\/ul>\n\n\n\n<p>I soggetti appartenenti alle categorie suddette svolgono la funzione di Responsabile del trattamento dei dati, oppure lavorano in totale autonomia come distinti Titolari del trattamento. L&#039;elenco delle responsabilit\u00e0 \u00e8 costantemente aggiornato e disponibile presso la sede di CRISP CYCLE GROUP \u2013 VIA MAMMI 50, CASTIGLION FIORENTINO (AR), 52043, ITALIA<\/p>\n\n\n\n<ol start=\"6\" class=\"wp-block-list\">\n<li><strong>PROCESSO AUTOMATIZZATO E PROFILAZIONE<\/strong><\/li>\n<\/ol>\n\n\n\n<p>Il trattamento dei suoi dati non sar\u00e0 soggetto n\u00e9 a trattamento automatizzato n\u00e9 ad attivit\u00e0 di profilazione.<\/p>\n\n\n\n<ol start=\"7\" class=\"wp-block-list\">\n<li><strong>NATURA DEL CONFERIMENTO E RIFIUTO<\/strong><\/li>\n<\/ol>\n\n\n\n<p>A parte quanto specificato per i dati di navigazione, l&#039;utente \u00e8 libero di fornire i dati personali. Il conferimento dei dati \u00e8 facoltativo ma necessario.<\/p>\n\n\n\n<p>Il mancato conferimento dei dati contrassegnati con il simbolo*, pu\u00f2 comportare l&#039;impossibilit\u00e0 di ottenere quanto richiesto o di usufruire dei servizi del titolare del trattamento.<\/p>\n\n\n\n<ol start=\"8\" class=\"wp-block-list\">\n<li><strong>MINORI<\/strong><\/li>\n<\/ol>\n\n\n\n<p>Questo Sito ei Servizi del Titolare non sono destinati a minori di 18 anni e il Titolare non raccoglie intenzionalmente informazioni personali riferite ai minori. Nel caso in cui informazioni su minori fossero involontariamente registrate, il Titolare le canceller\u00e0 in modo tempestivo, su richiesta degli utenti.<\/p>\n\n\n\n<ol start=\"9\" class=\"wp-block-list\">\n<li><strong>DIRITTI DEGLI INTERESSATI<\/strong><\/li>\n<\/ol>\n\n\n\n<p>Lei potr\u00e0 far valere i propri diritti come espressi dal Regolamento (UE) 2016\/679 del parlamento europeo e del consiglio del 27 aprile 2016, rivolgendosi al titolare, contattando la ns. sede al numero di telefono +39 0575-659181 oppure inviando una mail all&#039;indirizzo info@crisptitanium.com<\/p>\n\n\n\n<p>Ai sensi degli articoli 13, comma 2, e da 15 a 22 del Regolamento, La informiamo che in merito al trattamento dei Suoi dati personali Lei potr\u00e0 esercitare i seguenti diritti:<\/p>\n\n\n\n<ol class=\"wp-block-list\">\n<li><strong>Diritto di ottenere l&#039;accesso <\/strong>ai dati personali e alle seguenti informazioni:<\/li>\n<\/ol>\n\n\n\n<ul class=\"wp-block-list\">\n<li>la conferma che sia o meno in corso il trattamento di propri dati personali;<\/li>\n\n\n\n<li>le finalit\u00e0 del trattamento;<\/li>\n\n\n\n<li>le categorie di dati personali;<\/li>\n\n\n\n<li>i destinatari o le categorie di destinatari a cui i dati personali sono stati o saranno comunicati;<\/li>\n\n\n\n<li>qualora i dati non siano raccolti presso l&#039;interessato, tutte le informazioni disponibili sulla loro origine;<\/li>\n\n\n\n<li>l&#039;esistenza di un processo decisionale automatizzato, compresa la profilazione;<\/li>\n\n\n\n<li>una copia dei dati personali oggetto di trattamento.<\/li>\n<\/ul>\n\n\n\n<ol class=\"wp-block-list\">\n<li><strong>Diritto di rettifica<\/strong> ed integrazione dei dati personali;<\/li>\n\n\n\n<li><strong>Diritto alla cancellazione <\/strong>dei dati (\u00abdiritto all&#039;oblio\u00bb) se sussiste uno dei seguenti motivi:<\/li>\n\n\n\n<li>i dati personali non sono pi\u00f9 necessari rispetto alle finalit\u00e0 per le quali sono stati raccolti o altrimenti trattati;<\/li>\n\n\n\n<li>l&#039;interessato revoca il consenso al trattamento dei dati e non sussiste altro fondamento giuridico per il trattamento;<\/li>\n\n\n\n<li>l&#039;interessato si oppone al trattamento e non sussiste alcun motivo legittimo prevalente per procedere al trattamento;<\/li>\n\n\n\n<li>i dati personali sono stati trattati illecitamente;<\/li>\n\n\n\n<li>i dati personali devono essere cancellati per adempiere un obbligo legale previsto dal diritto dell&#039;Unione o dello Stato membro cui \u00e8 soggetto il titolare del trattamento;<\/li>\n<\/ol>\n\n\n\n<p>Il titolare del trattamento, se ha reso pubblici dati personali ed \u00e8 obbligato a cancellarli, deve informare gli altri titolari che trattano i dati personali della richiesta di cancellare qualsiasi link, copia o riproduzione dei suoi dati.<\/p>\n\n\n\n<ol class=\"wp-block-list\">\n<li><strong>Diritto alla limitazione del trattamento <\/strong>nel caso in cui:<\/li>\n\n\n\n<li>l&#039;interessato contesta l&#039;esattezza dei dati personali, per il periodo necessario al titolare del trattamento per verificare l&#039;esattezza di tali dati personali;<\/li>\n\n\n\n<li>il trattamento \u00e8 illecito e l&#039;interessato si oppone alla cancellazione dei dati personali e chiede invece che ne sia limitato l&#039;utilizzo;<\/li>\n\n\n\n<li>sebbene il titolare del trattamento non ne abbia pi\u00f9 bisogno ai fini del trattamento, i dati personali sono necessari all&#039;interessato per l&#039;accertamento, l&#039;esercizio o la difesa di un diritto in sede giudiziaria;<\/li>\n\n\n\n<li>l&#039;interessato si \u00e8 opposto al trattamento, in attesa della verifica in merito all&#039;eventuale prevalenza dei motivi legittimi del titolare del trattamento rispetto a quelli dell&#039;interessato.<\/li>\n\n\n\n<li><strong>Diritto di proporre un reclamo<\/strong> al Garante per la protezione dei dati personali, seguendo le procedure e le indicazioni pubblicate sul sito web ufficiale dell&#039;Autorit\u00e0 garanteprivacy.it.<\/li>\n\n\n\n<li><strong>Diritto alla portabilit\u00e0<\/strong> del dato ovvero il diritto di ricevere in un formato strutturato, di uso comune e leggibile da dispositivo automatico i dati personali che lo riguardano forniti a un titolare del trattamento ed eventualmente trasmetterli a un altro titolare del trattamento, qualora il trattamento si basi sul consenso o su un contratto e sia effettuato con mezzi automatizzati. Ove tecnicamente possibile, l&#039;interessato ha il diritto di ottenere la trasmissione diretta dei dati da un titolare del trattamento ad un altro.<\/li>\n\n\n\n<li><strong>Diritto di opporsi <\/strong>in qualsiasi momento al trattamento dei dati personali, compresa la profilazione, in particolare nel caso in cui:<\/li>\n\n\n\n<li>il trattamento avviene sulla base del legittimo interesse del titolare, previa esplicitazione dei motivi dell&#039;opposizione;<\/li>\n\n\n\n<li>i dati personali sono trattati per finalit\u00e0 di marketing diretto.<\/li>\n\n\n\n<li>Diritto di non essere sottoposto a una decisione basata unicamente sul <strong>trattamento automatizzato<\/strong>, compresa la <strong>profilazione<\/strong>, salvo nei casi in cui la decisione: sia necessaria per la conclusione o l&#039;esecuzione di un contratto tra l&#039;interessato e un titolare del trattamento, sia autorizzata dal diritto dell&#039;Unione o dello Stato membro cui \u00e8 soggetto il titolare del trattamento o si base sul consenso esplicito dell&#039;interessato.<\/li>\n\n\n\n<li><strong>Diritto di revocare il consenso<\/strong> in qualsiasi momento.<\/li>\n<\/ol>\n\n\n\n<p>L&#039;esercizio dei diritti non \u00e8 soggetto ad alcun vincolo di forma ed \u00e8 gratuito.<\/p>\n\n\n\n<ol start=\"10\" class=\"wp-block-list\">\n<li><strong>MODIFICHE ALL&#039;INFORMATIVA SULLA PRIVACY<\/strong><\/li>\n<\/ol>\n\n\n\n<p>Il titolare si riserva il diritto di modificare, aggiornare, aggiungere o rimuovere parti della presente informativa sulla privacy a propria discrezione e in qualsiasi momento. La persona interessata \u00e8 tenuta a verificare periodicamente le eventuali modifiche. Alla fine di facilitare tale verifica l&#039;informativa conterr\u00e0 l&#039;indicazione dei dati di aggiornamento dell&#039;informativa. L&#039;utilizzo del sito, dopo la pubblicazione delle modifiche, costituir\u00e0 l&#039;accettazione delle stesse.<\/p>\n\n\n\n<p>dati di aggiornamento: 25\/05\/2018<\/p>\n\n\n\n<div style=\"height:100px\" aria-hidden=\"true\" class=\"wp-block-spacer\"><\/div>\n\n\n\n<p><\/p>","protected":false},"excerpt":{"rendered":"<p>Privacy Policy Informativa per trattamento di dati personali Documento informativo ai sensi e per gli effetti di cui all\u2019articolo 13, Regolamento (UE) 2016\/679 In osservanza al Regolamento (UE) 2016\/679, siamo a fornire le dovute informazioni in ordine al trattamento dei dati personali da lei forniti. L&#8217;informativa non \u00e8 da considerarsi valida per altri siti web &#8230; <a title=\"politica sulla riservatezza\" class=\"read-more\" href=\"https:\/\/crisptitanium.com\/it\/privacy-policy\/\" aria-label=\"Per saperne di pi\u00f9 su Privacy Policy\">Leggi tutto<\/a><\/p>","protected":false},"author":2,"featured_media":0,"parent":0,"menu_order":0,"comment_status":"closed","ping_status":"open","template":"","meta":{"_uag_custom_page_level_css":"","footnotes":""},"class_list":["post-3","page","type-page","status-publish"],"uagb_featured_image_src":{"full":false,"thumbnail":false,"medium":false,"medium_large":false,"large":false,"tf-client-image-size":false,"1536x1536":false,"2048x2048":false,"trp-custom-language-flag":false},"uagb_author_info":{"display_name":"Darren Crisp","author_link":"https:\/\/crisptitanium.com\/it\/author\/ct-webmaster\/"},"uagb_comment_info":0,"uagb_excerpt":"Privacy Policy Informativa per trattamento di dati personali Documento informativo ai sensi e per gli effetti di cui all\u2019articolo 13, Regolamento (UE) 2016\/679 In osservanza al Regolamento (UE) 2016\/679, siamo a fornire le dovute informazioni in ordine al trattamento dei dati personali da lei forniti. L&#8217;informativa non \u00e8 da considerarsi valida per altri siti web&hellip;","_links":{"self":[{"href":"https:\/\/crisptitanium.com\/it\/wp-json\/wp\/v2\/pages\/3","targetHints":{"allow":["GET"]}}],"collection":[{"href":"https:\/\/crisptitanium.com\/it\/wp-json\/wp\/v2\/pages"}],"about":[{"href":"https:\/\/crisptitanium.com\/it\/wp-json\/wp\/v2\/types\/page"}],"author":[{"embeddable":true,"href":"https:\/\/crisptitanium.com\/it\/wp-json\/wp\/v2\/users\/2"}],"replies":[{"embeddable":true,"href":"https:\/\/crisptitanium.com\/it\/wp-json\/wp\/v2\/comments?post=3"}],"version-history":[{"count":3,"href":"https:\/\/crisptitanium.com\/it\/wp-json\/wp\/v2\/pages\/3\/revisions"}],"predecessor-version":[{"id":1000,"href":"https:\/\/crisptitanium.com\/it\/wp-json\/wp\/v2\/pages\/3\/revisions\/1000"}],"wp:attachment":[{"href":"https:\/\/crisptitanium.com\/it\/wp-json\/wp\/v2\/media?parent=3"}],"curies":[{"name":"parola chiave","href":"https:\/\/api.w.org\/{rel}","templated":true}]}}