{"id":254,"date":"2025-11-20T08:24:42","date_gmt":"2025-11-20T08:24:42","guid":{"rendered":"https:\/\/new.crisptitanium.com\/?page_id=254"},"modified":"2026-02-09T22:51:38","modified_gmt":"2026-02-09T22:51:38","slug":"craft-2","status":"publish","type":"page","link":"https:\/\/crisptitanium.com\/it\/craft-2\/","title":{"rendered":"MESTIERE"},"content":{"rendered":"<div class=\"wp-block-uagb-container uagb-block-7c6e2d8e alignfull uagb-is-root-container\"><div class=\"uagb-container__video-wrap\"><video autoplay loop muted playsinline><source src=\"https:\/\/crisptitanium.com\/wp-content\/uploads\/2026\/01\/tt_weld_31RF_craft.mp4\" type=\"video\/mp4\"\/><\/video><\/div>\n<h2 class=\"wp-block-heading has-text-align-center\">MESTIERE<\/h2>\n<\/div>\n\n\n\n<div>\n<div class=\"gb-element-2732f6de\">\n<div class=\"wp-block-uagb-advanced-heading uagb-block-f350fa06\"><h4 class=\"uagb-heading-text\">Il processo<\/h4><\/div>\n\n\n\n<p class=\"has-text-align-center has-global-color-3-color has-text-color has-link-color has-medium-font-size wp-elements-352dea81503f7465bbf06922f12f848e\">Un buon design toglie pi\u00f9 di quanto aggiunga.<\/p>\n<\/div>\n<\/div>\n\n\n\n<div class=\"gb-element-8d94f5fa\">\n<div class=\"gb-element-dc1f38f1\">\n<h5 class=\"wp-block-heading has-global-color-2-color has-text-color has-link-color wp-elements-ba09c5fb9dfab6fcdbf3526bc69453ff\"><strong>MESTIERE<\/strong><\/h5>\n\n\n\n<p class=\"has-text-color has-link-color wp-elements-7dc32e2138e66d526afe04d6e8f6fea9\" style=\"color:#ffffff\">Se stai considerando il titanio per un telaio su misura, probabilmente ne conosci gi\u00e0 le qualit\u00e0: leggerezza senza fragilit\u00e0, reattivit\u00e0 senza asprezza, durabilit\u00e0 senza corrosione. Il titanio premia la progettazione attenta e l\u2019esecuzione precisa \u2014 ma solo quando viene trattato come un materiale artigianale, non come una scorciatoia.<\/p>\n\n\n\n<p class=\"has-text-color has-link-color wp-elements-a92aff1d6eb4e0aaf088f4ad3f2c1dd6\" style=\"color:#ffffff\">Realizzo esclusivamente telai per biciclette, e solo su commissione. Ogni progetto inizia senza modelli predefiniti n\u00e9 vincoli di produzione, permettendo al telaio di prendere forma attorno al ciclista, non al mercato. Questo approccio non riguarda le tendenze n\u00e9 i volumi, ma la chiarezza dell\u2019intento e la prestazione nel lungo periodo.<\/p>\n\n\n\n<p class=\"has-text-color has-link-color wp-elements-d600a962a494c536fbe2aa71485d08ae\" style=\"color:#ffffff\">Indifferente alle mode, mi concentro su progetti sensati, eleganti e funzionali, realizzati con tolleranze rigorose. Lavoro con titanio aeronautico lavorato a freddo e disteso dalle tensioni interne \u2014 principalmente Grado 9 (3Al\/2.5V) e Grado 5 (6Al\/4V) \u2014 selezionato e impiegato in base alle esigenze specifiche di ogni telaio. Ogni tubo viene sagomato, saldato, allineato e rifinito a mano.<\/p>\n\n\n\n<p class=\"has-text-color has-link-color wp-elements-46756b1cb359608f3dd671f6e86630ae\" style=\"color:#ffffff\">Un telaio Crisp Titanium non porta adesivi. La finitura \u00e8 una satinatura a microsfere ceramiche, ottenuta attraverso pi\u00f9 fasi di lavorazione, con grafiche incise direttamente nel titanio per garantire durata e discrezione. Geometria, dettagli e soluzioni costruttive \u2014 come foderi sagomati, tubi sterzo integrati o componenti in titanio su misura \u2014 sono scelte deliberate, mai predefinite. Ogni telaio \u00e8 costruito per resistere all\u2019uso, al tempo e a uno sguardo attento, ed \u00e8 coperto da una garanzia limitata a vita su materiali e lavorazione.<\/p>\n\n\n\n<hr class=\"wp-block-separator has-alpha-channel-opacity\"\/>\n\n\n\n<h5 class=\"wp-block-heading has-global-color-2-color has-text-color has-link-color wp-elements-0ce3df72e4d0cdca6e345593d73140b2\"><strong>L&#039;impegno Crisp Titanium<\/strong><\/h5>\n\n\n\n<p class=\"has-text-color has-link-color wp-elements-5b7084c01ae491bd4e0646a00e070316\" style=\"color:#ffffff\">Un telaio su misura \u00e8 pi\u00f9 di un prodotto: \u00e8 una relazione di lavoro.<br>Il mio impegno nei confronti di ogni cliente include:<\/p>\n\n\n\n<ul class=\"wp-block-list\">\n<li class=\"has-text-color has-link-color wp-elements-ef782f9a036fcc5481f114981a745b90\" style=\"color:#ffffff\">Accesso diretto e senza intermediari al costruttore<br><\/li>\n\n\n\n<li class=\"has-text-color has-link-color wp-elements-a5dfdbf233c219dc657f414fb208c0e2\" style=\"color:#ffffff\">Geometria completamente personalizzata, progettata attorno al ciclista<br><\/li>\n\n\n\n<li class=\"has-text-color has-link-color wp-elements-8c2c432e0134d42c609607cda98e9de4\" style=\"color:#ffffff\">Disegni CAD dettagliati, sviluppati appositamente per ogni telaio<br><\/li>\n\n\n\n<li class=\"has-text-color has-link-color wp-elements-e02b4d4878f4a00f74299b1150da6630\" style=\"color:#ffffff\">Tubazioni in titanio aeronautico selezionate a mano, sagomate con precisione e saldate una a una<br><\/li>\n\n\n\n<li class=\"has-text-color has-link-color wp-elements-3f597b17d957a5e2fc47f150eaa0d9d0\" style=\"color:#ffffff\">Finitura satinata a microsfere ceramiche in pi\u00f9 fasi, con grafiche incise e permanenti<br><\/li>\n\n\n\n<li class=\"has-text-color has-link-color wp-elements-7406ec2913db056159b909a2cbd8b6e2\" style=\"color:#ffffff\">Allineamento accurato e ispezione meticolosa di ogni telaio completato<br><\/li>\n\n\n\n<li class=\"has-text-color has-link-color wp-elements-0de786b0676f9a6d36f98540ad52015d\" style=\"color:#ffffff\">Accesso a una selezione curata di componenti di alta gamma, tra cui Chris King, ENVE e altri<br><\/li>\n<\/ul>\n\n\n\n<hr class=\"wp-block-separator has-alpha-channel-opacity\"\/>\n\n\n\n<h5 class=\"wp-block-heading has-global-color-2-color has-text-color has-link-color wp-elements-95d23f11e60d1567a63cb1b964cf8cd0\"><strong>Un costruttore. Un telaio alla volta.<\/strong><\/h5>\n\n\n\n<p class=\"has-text-color has-link-color wp-elements-ce608220d0a6165e26d1d3bb6c2050ed\" style=\"color:#ffffff\">Tutto il lavoro viene svolto internamente, esclusivamente da me. Non faccio affidamento su attrezzature di produzione ad alto volume n\u00e9 su processi da catena di montaggio. Costruire un telaio alla volta consente quel livello di attenzione e coerenza che il lavoro su misura richiede \u2014 e che la produzione di massa non pu\u00f2 replicare.<\/p>\n\n\n\n<p class=\"has-text-color has-link-color wp-elements-19116b831ed7e0e18ec420c750fbe3c1\" style=\"color:#ffffff\">Materiali avanzati in titanio si uniscono a un approccio artigianale rigoroso, di matrice italiana, dando vita a una bicicletta costruita espressamente per te, per il ciclista, e per durare nel tempo. Nulla \u00e8 affrettato. Nulla \u00e8 esternalizzato. L\u2019obiettivo non \u00e8 la novit\u00e0, ma la correttezza.<\/p>\n<\/div>\n<\/div>\n\n\n\n<div style=\"height:100px\" aria-hidden=\"true\" class=\"wp-block-spacer\"><\/div>\n\n\n\n<div>\n<div class=\"wp-block-buttons is-content-justification-center is-layout-flex wp-container-core-buttons-is-layout-16018d1d wp-block-buttons-is-layout-flex\">\n<div class=\"wp-block-button is-style-fill\"><a class=\"wp-block-button__link has-contrast-2-color has-global-color-2-background-color has-text-color has-background has-link-color has-small-font-size has-custom-font-size wp-element-button\" href=\"https:\/\/crisptitanium.com\/it\/contact\/\" style=\"border-top-left-radius:2px;border-top-right-radius:2px;border-bottom-left-radius:2px;border-bottom-right-radius:2px\" target=\"_blank\" rel=\"noreferrer noopener\">RICHIEDI UN PREVENTIVO<\/a><\/div>\n<\/div>\n<\/div>\n\n\n\n<div style=\"height:80px\" aria-hidden=\"true\" class=\"wp-block-spacer\"><\/div>","protected":false},"excerpt":{"rendered":"<p>CRAFT The process Good design removes more than it adds. CRAFT If you\u2019re considering titanium for a custom bicycle frame, you\u2019re likely already familiar with its qualities: lightness without fragility, responsiveness without harshness, durability without corrosion. Titanium rewards careful design and precise execution\u2014but only when it is treated as a craft material, not a shortcut. &#8230; <a title=\"MESTIERE\" class=\"read-more\" href=\"https:\/\/crisptitanium.com\/it\/craft-2\/\" aria-label=\"Per saperne di pi\u00f9 su CRAFT\">Leggi tutto<\/a><\/p>","protected":false},"author":2,"featured_media":0,"parent":0,"menu_order":0,"comment_status":"closed","ping_status":"closed","template":"","meta":{"_uag_custom_page_level_css":"","footnotes":""},"class_list":["post-254","page","type-page","status-publish"],"uagb_featured_image_src":{"full":false,"thumbnail":false,"medium":false,"medium_large":false,"large":false,"tf-client-image-size":false,"1536x1536":false,"2048x2048":false,"trp-custom-language-flag":false},"uagb_author_info":{"display_name":"Darren Crisp","author_link":"https:\/\/crisptitanium.com\/it\/author\/ct-webmaster\/"},"uagb_comment_info":0,"uagb_excerpt":"CRAFT The process Good design removes more than it adds. CRAFT If you\u2019re considering titanium for a custom bicycle frame, you\u2019re likely already familiar with its qualities: lightness without fragility, responsiveness without harshness, durability without corrosion. Titanium rewards careful design and precise execution\u2014but only when it is treated as a craft material, not a shortcut.&hellip;","_links":{"self":[{"href":"https:\/\/crisptitanium.com\/it\/wp-json\/wp\/v2\/pages\/254","targetHints":{"allow":["GET"]}}],"collection":[{"href":"https:\/\/crisptitanium.com\/it\/wp-json\/wp\/v2\/pages"}],"about":[{"href":"https:\/\/crisptitanium.com\/it\/wp-json\/wp\/v2\/types\/page"}],"author":[{"embeddable":true,"href":"https:\/\/crisptitanium.com\/it\/wp-json\/wp\/v2\/users\/2"}],"replies":[{"embeddable":true,"href":"https:\/\/crisptitanium.com\/it\/wp-json\/wp\/v2\/comments?post=254"}],"version-history":[{"count":83,"href":"https:\/\/crisptitanium.com\/it\/wp-json\/wp\/v2\/pages\/254\/revisions"}],"predecessor-version":[{"id":6653,"href":"https:\/\/crisptitanium.com\/it\/wp-json\/wp\/v2\/pages\/254\/revisions\/6653"}],"wp:attachment":[{"href":"https:\/\/crisptitanium.com\/it\/wp-json\/wp\/v2\/media?parent=254"}],"curies":[{"name":"parola chiave","href":"https:\/\/api.w.org\/{rel}","templated":true}]}}