{"id":202,"date":"2025-11-19T22:13:01","date_gmt":"2025-11-19T22:13:01","guid":{"rendered":"https:\/\/new.crisptitanium.com\/?page_id=202"},"modified":"2026-02-09T22:54:14","modified_gmt":"2026-02-09T22:54:14","slug":"about","status":"publish","type":"page","link":"https:\/\/crisptitanium.com\/it\/about\/","title":{"rendered":"chi sono"},"content":{"rendered":"<div class=\"wp-block-uagb-container uagb-block-7c6e2d8e alignfull uagb-is-root-container\"><div class=\"uagb-container__video-wrap\"><video autoplay loop muted playsinline><source src=\"https:\/\/crisptitanium.com\/wp-content\/uploads\/2026\/01\/weldingmask_pip.mp4\" type=\"video\/mp4\"\/><\/video><\/div>\n<h2 class=\"wp-block-heading has-text-align-center\">chi sono<\/h2>\n<\/div>\n\n\n\n<div class=\"wp-block-uagb-container uagb-block-4897122b alignfull uagb-is-root-container\"><div class=\"uagb-container-inner-blocks-wrap\">\n<div class=\"gb-element-1ccf3b94\">\n<div class=\"wp-block-uagb-advanced-heading uagb-block-2226e4eb\"><h4 class=\"uagb-heading-text\"><strong>Conoscere il tuo telaista.<\/strong><br><\/h4><\/div>\n\n\n\n<p class=\"has-text-align-center has-global-color-3-color has-text-color has-link-color has-medium-font-size wp-elements-5c9608790c5509b972604f1ecf7ace91\">Perch\u00e9 una bicicletta nasce molto prima del primo taglio<\/p>\n<\/div>\n<\/div><\/div>\n\n\n\n<div class=\"wp-block-uagb-container uagb-block-e0542e6e alignfull uagb-is-root-container\">\n<div class=\"gb-element-74bc4441\">\n<p class=\"has-text-color has-link-color wp-elements-e3641cd89bd7af9a57877f9d2a3eb2b5\" style=\"color:#ffffff\">Costruisco telai per biciclette dal 1995, guidato da una formazione in architettura, design e lavorazione dei metalli speciali. Il mio percorso \u00e8 iniziato negli Stati Uniti e mi ha poi condotto in Toscana, dove l\u2019artigianalit\u00e0 \u00e8 considerata una responsabilit\u00e0 pi\u00f9 che un concetto.<\/p>\n\n\n\n<p class=\"has-text-color has-link-color wp-elements-2be81980f899739ec83707a77cac8bf3\" style=\"color:#ffffff\">Lavoro da solo, per scelta. Ogni telaio \u00e8 progettato, costruito e rifinito interamente da me, garantendo pieno controllo, coerenza e responsabilit\u00e0 dal primo taglio all\u2019ultimo dettaglio.<\/p>\n\n\n\n<p class=\"has-text-color has-link-color wp-elements-42c8df871f76bf9081575b3194efee31\" style=\"color:#ffffff\">Il mio approccio non nasce solo dal costruire biciclette, ma anche dal viverle: pedalando e correndo, su strada e fuoristrada, tra Stati Uniti e Italia. L\u2019obiettivo \u00e8 sempre stato lo stesso: eliminare i compromessi e lasciare che la bicicletta sia al servizio del ciclista, senza distrazioni.<\/p>\n\n\n\n<div style=\"height:35px\" aria-hidden=\"true\" class=\"wp-block-spacer\"><\/div>\n\n\n\n<details class=\"wp-block-details is-layout-flow wp-block-details-is-layout-flow\"><summary><strong>Su artigianato ed esperienza<\/strong><\/summary>\n<p class=\"has-text-color has-link-color wp-elements-06f760b195d0f6c95073bac3d251a726\" style=\"color:#ffffff\">Il mio percorso nella costruzione dei telai si \u00e8 sviluppato parallelamente a molti anni di attivit\u00e0 agonistica. Negli anni Novanta ho gareggiato intensamente nel sud degli Stati Uniti, dal Texas alla Georgia, conquistando titoli statali amatoriali nella mountain bike e nella cronometro su 40 km. In seguito ho continuato a correre e pedalare anche in Italia. Esperienze che hanno definito il mio modo di comprendere efficienza, affaticamento, posizione in sella e durabilit\u00e0: non come concetti astratti, ma come realt\u00e0 che emergono con il tempo, nelle ore lunghe e negli sforzi pi\u00f9 duri.<\/p>\n\n\n\n<p class=\"has-text-color has-link-color wp-elements-779458763be9e9250bda0923a357d666\" style=\"color:#ffffff\">Quel passato agonistico guida ancora oggi il mio modo di lavorare. Le scelte di geometria, la selezione dei tubi e le soluzioni strutturali nascono dalla comprensione di come una bicicletta si comporta sotto carico, ad alta velocit\u00e0 e nel tempo. Per me la prestazione non \u00e8 una questione di estremi, ma di chiarezza: una bicicletta che risponde in modo prevedibile, mantiene equilibrio e compostezza, e sostiene il ciclista invece di richiedere attenzione.<\/p>\n\n\n\n<p class=\"has-text-color has-link-color wp-elements-93207b3a905253ed3a1036c08a0065a8\" style=\"color:#ffffff\">Professionalmente, ho iniziato la mia carriera dopo aver conseguito la laurea in Architettura, lavorando per un fabbro e uno scultore e, in seguito, lavorando nella lavorazione ad alta precisione per importanti case di moda italiane in Toscana. Questi ambienti mi hanno rafforzato la disciplina, la precisione e il rispetto per i materiali: valori che si traducono direttamente nella costruzione di telai.<\/p>\n\n\n\n<p class=\"has-text-color has-link-color wp-elements-fa638ef03f642169a70cde6ce1929366\" style=\"color:#ffffff\">Ho iniziato con telai in acciaio brasato a met\u00e0 degli anni Novanta, ho poi esplorato l\u2019alluminio e infine, dopo una formazione specialistica nel 2001, ho scelto definitivamente il titanio. Il titanio resta il materiale che pi\u00f9 rispecchia le mie priorit\u00e0: longevit\u00e0, qualit\u00e0 di guida e onest\u00e0 strutturale.<\/p>\n\n\n\n<p class=\"has-text-color has-link-color wp-elements-f37ea5fc9dacde0b3b58b9bce4ceb897\" style=\"color:#ffffff\">Da quando mi sono dedicato a tempo pieno alla costruzione dei telai, nel 2004, continuo a realizzare un telaio alla volta, in modo personale e consapevole. Ogni scelta nasce dall\u2019incontro tra esperienza in sella, disciplina progettuale e lavoro diretto in officina: nulla di teorico, nulla delegato.<\/p>\n<\/details>\n<\/div>\n<\/div>\n\n\n\n<div style=\"height:100px\" aria-hidden=\"true\" class=\"wp-block-spacer\"><\/div>\n\n\n\n<div>\n<div class=\"wp-block-buttons is-content-justification-center is-layout-flex wp-container-core-buttons-is-layout-16018d1d wp-block-buttons-is-layout-flex\">\n<div class=\"wp-block-button is-style-fill\"><a class=\"wp-block-button__link has-contrast-2-color has-global-color-2-background-color has-text-color has-background has-link-color has-small-font-size has-custom-font-size wp-element-button\" href=\"https:\/\/crisptitanium.com\/it\/contact\/\" style=\"border-top-left-radius:2px;border-top-right-radius:2px;border-bottom-left-radius:2px;border-bottom-right-radius:2px\" target=\"_blank\" rel=\"noreferrer noopener\">RICHIEDI UN PREVENTIVO<\/a><\/div>\n<\/div>\n<\/div>\n\n\n\n<div style=\"height:131px\" aria-hidden=\"true\" class=\"wp-block-spacer\"><\/div>","protected":false},"excerpt":{"rendered":"<p>ABOUT Know your builder. Because how a bicycle is made begins long before the first cut. I\u2019ve been building bicycle frames since 1995, guided by a background in architecture, design, and specialty metals. My work began in the United States and later brought me to Tuscany, where craftsmanship is treated as a responsibility rather than &#8230; <a title=\"chi sono\" class=\"read-more\" href=\"https:\/\/crisptitanium.com\/it\/about\/\" aria-label=\"Per saperne di pi\u00f9 su ABOUT\">Leggi tutto<\/a><\/p>","protected":false},"author":2,"featured_media":0,"parent":0,"menu_order":0,"comment_status":"closed","ping_status":"closed","template":"","meta":{"_uag_custom_page_level_css":"","footnotes":""},"class_list":["post-202","page","type-page","status-publish"],"uagb_featured_image_src":{"full":false,"thumbnail":false,"medium":false,"medium_large":false,"large":false,"tf-client-image-size":false,"1536x1536":false,"2048x2048":false,"trp-custom-language-flag":false},"uagb_author_info":{"display_name":"Darren Crisp","author_link":"https:\/\/crisptitanium.com\/it\/author\/ct-webmaster\/"},"uagb_comment_info":0,"uagb_excerpt":"ABOUT Know your builder. Because how a bicycle is made begins long before the first cut. I\u2019ve been building bicycle frames since 1995, guided by a background in architecture, design, and specialty metals. My work began in the United States and later brought me to Tuscany, where craftsmanship is treated as a responsibility rather than&hellip;","_links":{"self":[{"href":"https:\/\/crisptitanium.com\/it\/wp-json\/wp\/v2\/pages\/202","targetHints":{"allow":["GET"]}}],"collection":[{"href":"https:\/\/crisptitanium.com\/it\/wp-json\/wp\/v2\/pages"}],"about":[{"href":"https:\/\/crisptitanium.com\/it\/wp-json\/wp\/v2\/types\/page"}],"author":[{"embeddable":true,"href":"https:\/\/crisptitanium.com\/it\/wp-json\/wp\/v2\/users\/2"}],"replies":[{"embeddable":true,"href":"https:\/\/crisptitanium.com\/it\/wp-json\/wp\/v2\/comments?post=202"}],"version-history":[{"count":54,"href":"https:\/\/crisptitanium.com\/it\/wp-json\/wp\/v2\/pages\/202\/revisions"}],"predecessor-version":[{"id":6656,"href":"https:\/\/crisptitanium.com\/it\/wp-json\/wp\/v2\/pages\/202\/revisions\/6656"}],"wp:attachment":[{"href":"https:\/\/crisptitanium.com\/it\/wp-json\/wp\/v2\/media?parent=202"}],"curies":[{"name":"parola chiave","href":"https:\/\/api.w.org\/{rel}","templated":true}]}}