{"id":1095,"date":"2025-12-16T08:28:04","date_gmt":"2025-12-16T08:28:04","guid":{"rendered":"https:\/\/new.crisptitanium.com\/?page_id=1095"},"modified":"2026-01-21T18:53:36","modified_gmt":"2026-01-21T18:53:36","slug":"bikes-gravel-adventure","status":"publish","type":"page","link":"https:\/\/crisptitanium.com\/it\/bikes-gravel-adventure\/","title":{"rendered":"Biciclette Gravel\/Adventure"},"content":{"rendered":"<div class=\"wp-block-uagb-container uagb-block-7c6e2d8e alignfull uagb-is-root-container\"><div class=\"uagb-container__video-wrap\"><video autoplay loop muted playsinline><source src=\"https:\/\/crisptitanium.com\/wp-content\/uploads\/2026\/01\/Gravel-Adv-Hero.mp4\" type=\"video\/mp4\"\/><\/video><\/div>\n<h1 class=\"wp-block-heading has-text-align-center has-large-font-size\"><strong>Gravel\/Avventura<\/strong><\/h1>\n<\/div>\n\n\n\n<div class=\"gb-element-1ccf3b94\">\n<p class=\"has-text-align-center has-large-font-size\"><strong>Quando la mappa diventa un suggerimento.<\/strong><br><\/p>\n\n\n\n<p class=\"has-text-align-center has-medium-font-size\">Stabile, composta e silenziosamente capace, questa bicicletta \u00e8 pensata per allontanarsi dai percorsi ovvi. Mantiene velocit\u00e0 quando serve e pazienza quando non conta, invitandoti a continuare semplicemente perch\u00e9 la strada non \u00e8 ancora finita. Meno orientata all\u2019arrivo, pi\u00f9 al restare l\u00ec fuori.<\/p>\n<\/div>\n\n\n\n<div class=\"wp-block-uagb-container uagb-block-ac1664f2 alignfull uagb-is-root-container\">\n<div class=\"gb-element-dc1f38f1\">\n<div class=\"gb-element-6e7a8b7f\">\n<p><br>Di seguito trovi il dettaglio di ci\u00f2 che \u00e8 incluso nel prezzo base e di alcune opzioni disponibili. I prezzi si intendono franco fabbrica, Castiglion Fiorentino (Italia). Tutte le spedizioni organizzate sono D.D.U.:<\/p>\n\n\n\n<p>Telaio strada base (700c) con forcella in carbonio ENVE Composites, tubo sterzo sovradimensionato da 1-1\/8\u201d e serie sterzo esterna Chris King. Il telaio base \u00e8 specificato con forcellini posteriori per sgancio rapido da 10 mm:<\/p>\n\n\n\n<p>Si prega di notare che tutti i telai gravel\/adventure sono progettati per includere geometria, forcella anteriore, serie sterzo e collarino reggisella personalizzati. Gli acquisti del solo telaio non sono disponibili per strada\/gravel, poich\u00e9 sono progettati con geometria della forcella. I prezzi sono soggetti a modifiche senza preavviso a causa del prezzo delle materie prime. I dettagli di questo telaio personalizzato includono:<\/p>\n\n\n\n<ul class=\"wp-block-list\">\n<li>Tubazioni in titanio Grado 9 (3Al\/2.5V) a spessore costante<\/li>\n\n\n\n<li>Parti lavorate dal pieno in titanio Grado 5 (6Al\/4V)<\/li>\n\n\n\n<li>Badge logo sul tubo sterzo in acciaio inox<\/li>\n\n\n\n<li><a href=\"https:\/\/crisptitanium.com\/wp-content\/uploads\/2026\/01\/stainlessl_logo.jpg\" target=\"_blank\" rel=\"noreferrer noopener\">Stemma del tubo sterzo con logo in acciaio inossidabile<\/a><\/li>\n\n\n\n<li>Forcellini Paragon Breezer\/Wright Paragon Machine Works<\/li>\n\n\n\n<li>Scatola movimento centrale filettata BSA inglese<\/li>\n\n\n\n<li>Foderi alti diritti da 16 mm di diametro<\/li>\n\n\n\n<li>Foderi bassi tondi da 22 mm (curvati e pressati per tolleranze pneumatico\/pedivella)<\/li>\n\n\n\n<li>Telaio progettato per l\u2019utilizzo con freni a pinza (tradizionale)<\/li>\n\n\n\n<li>Collarino reggisella in lega con logo CRISP, diametri 32 e 35 mm<\/li>\n\n\n\n<li>Forcella in carbonio ENVE Composites Road 2.0 USA con tubo sterzo diritto da 1.125\u201d, sgancio rapido, oppure forcella Columbus Futura Rim Brake, Q\/R, nera<\/li>\n\n\n\n<li>Serie sterzo Chris King NTS 1-1\/8&quot;, scelta del colore<\/li>\n\n\n\n<li><a href=\"https:\/\/photos.app.goo.gl\/DNjQo9L8k1NGpxep6\" target=\"_blank\" rel=\"noreferrer noopener\">Finitura in ceramica sabbiata<\/a> Finitura satinata a microsfere ceramiche con logo Crisp e altre grafiche vettoriali personalizzate su richiesta<\/li>\n\n\n\n<li>Garanzia limitata a vita su materiali e lavorazione<\/li>\n<\/ul>\n\n\n\n<p>Euro 4300 (IVA inclusa)<\/p>\n\n\n\n<p>Elenco delle opzioni come segue:<\/p>\n\n\n\n<ul class=\"wp-block-list\">\n<li><a href=\"https:\/\/crisptitanium.com\/wp-content\/uploads\/2026\/01\/T47_bottom_bracket.jpg\" target=\"_blank\" rel=\"noreferrer noopener\">T47, scatola del movimento centrale da 50 mm di diametro<\/a> (movimento centrale non incluso), Euro 200<\/li>\n\n\n\n<li class=\"translation-block\">CRISP44 o CRISP52 tubo sterzo OS \u2013 telaio su misura con tubo sterzo sovradimensionato personalizzato Crisp44 o Crisp52. Include forcella strada a disco ENVE conico da 1,5\u201d, forcella Deda EDG oppure Columbus Futura e serie sterzo ENVE o Deda, 250 euro. Disponibile, su richiesta, la gamma completa di serie sterzo Chris King InSet o Aeroset.<\/li>\n\n\n\n<li><a href=\"https:\/\/crisptitanium.com\/wp-content\/uploads\/2026\/01\/3d_dropout.jpg\" target=\"_blank\" rel=\"noreferrer noopener\">Forcellini in titanio grado 5 (6Al\/4V) sinterizzati al laser 3D (SLM)<\/a>, su misura 142 x 12, compatibile con Syntace X12\/SRAM UDH, Euro 250<\/li>\n\n\n\n<li><a href=\"https:\/\/crisptitanium.com\/wp-content\/uploads\/2026\/01\/Crisp44_KingAeroset3.jpg\" target=\"_blank\" rel=\"noreferrer noopener\">Enve-InRoute<\/a>\/<a href=\"https:\/\/crisptitanium.com\/wp-content\/uploads\/2026\/01\/Columbus_trittico.jpg\" target=\"_blank\" rel=\"noreferrer noopener\">Colombo-Tirittico<\/a> cockpit integrato (richiede l'opzione King Aeroset3 se si utilizza lo standard Crisp44), Euro 250<\/li>\n\n\n\n<li><a href=\"https:\/\/www.instagram.com\/reel\/DCeFRWfO1Oh\/\" target=\"_blank\" rel=\"noreferrer noopener\">Tubi Columbus Hyperion Titanium Butted<\/a>, (prezzi basati sulle specifiche del progetto)<\/li>\n\n\n\n<li class=\"translation-block\">Opzione freno a disco ISO oppure Post Mount o Flat Mount, 200 euro<\/li>\n\n\n\n<li>Foderi verticali a S, Euro 50<\/li>\n\n\n\n<li>Cavo freno posteriore interno o passaggio idraulico su <a href=\"https:\/\/crisptitanium.com\/wp-content\/uploads\/2026\/01\/internal_toptube.jpg\" target=\"_blank\" rel=\"noreferrer noopener\">tubo superiore<\/a> O <a href=\"https:\/\/crisptitanium.com\/wp-content\/uploads\/2026\/01\/internal_brake_routing.jpg\" target=\"_blank\" rel=\"noreferrer noopener\">tubo obliquo<\/a>  250 euro<\/li>\n\n\n\n<li><a href=\"https:\/\/crisptitanium.com\/wp-content\/uploads\/2026\/01\/dI2_EPS.jpg\" target=\"_blank\" rel=\"noreferrer noopener\">Di2 o EPS<\/a> compatibilit\u00e0 (non include cablaggio) Euro 50<\/li>\n\n\n\n<li><a href=\"https:\/\/crisptitanium.com\/wp-content\/uploads\/2026\/01\/142x12_dropout.jpg\" target=\"_blank\" rel=\"noreferrer noopener\">Forcellini compatibili con perno passante da 142 x 12 mm<\/a> con Shimano, SRAM, Campagnolo (perno non incluso), Euro 150<\/li>\n\n\n\n<li><a href=\"https:\/\/crisptitanium.com\/wp-content\/uploads\/2026\/01\/coupler.jpg\" target=\"_blank\" rel=\"noreferrer noopener\">Giunti S+S<\/a>, 1300 euro<\/li>\n\n\n\n<li><a href=\"https:\/\/crisptitanium.com\/wp-content\/uploads\/2026\/01\/3rd_bottle.jpg\" data-type=\"link\" data-id=\"https:\/\/crisptitanium.com\/wp-content\/uploads\/2026\/01\/3rd_bottle.jpg\" target=\"_blank\" rel=\"noreferrer noopener\">3\u00b0 borraccia<\/a>, 50 euro<\/li>\n\n\n\n<li><a href=\"https:\/\/crisptitanium.com\/wp-content\/uploads\/2026\/01\/rack_mounts_m5.jpg\" target=\"_blank\" rel=\"noreferrer noopener\">Supporti per portapacchi<\/a>, 50 euro<\/li>\n\n\n\n<li>Supporti parafango, Euro 50<\/li>\n\n\n\n<li><a href=\"https:\/\/crisptitanium.com\/wp-content\/uploads\/2026\/01\/Enve_InRoute_RD_disc_fork-1.jpg\" target=\"_blank\" rel=\"noreferrer noopener\">Enve Composites Road 2.0 Disc o Road InRoute Disc<\/a> forcella upgrade, perno passante da 12 mm, conica da 1,25\", Euro 325<\/li>\n\n\n\n<li><a href=\"https:\/\/crisptitanium.com\/wp-content\/uploads\/2026\/01\/Enve_Gravel.jpg\" target=\"_blank\" rel=\"noreferrer noopener\">Enve Composites Gravel Disc o Gravel InRoute Disc<\/a> forcella upgrade, perno passante da 12 mm, conica da 1,5\", Euro 325<\/li>\n\n\n\n<li><a href=\"https:\/\/crisptitanium.com\/wp-content\/uploads\/2026\/01\/enve_adventure_disc.jpg\" target=\"_blank\" rel=\"noreferrer noopener\">Forcella Enve Composites Adventure Disc<\/a> upgrade, perno passante da 12 mm, conico da 1,5\", Euro 375<\/li>\n\n\n\n<li><a href=\"https:\/\/crisptitanium.com\/wp-content\/uploads\/2026\/01\/Enve_AR_InRoute.jpg\" target=\"_blank\" rel=\"noreferrer noopener\">Forcella Enve Composites A\/R Disc o A\/R InRoute Disc<\/a> upgrade, perno passante da 12 mm, conico da 1,25\", Euro 325<\/li>\n\n\n\n<li><a href=\"https:\/\/crisptitanium.com\/wp-content\/uploads\/2026\/01\/Crisp44_KingAeroset3.jpg\" target=\"_blank\" rel=\"noreferrer noopener\">Chris King Aeroset3 <\/a>opzione upgrade (sistema Enve InRoute), Euro 290.<\/li>\n\n\n\n<li><a href=\"https:\/\/crisptitanium.com\/wp-content\/uploads\/2026\/01\/slider_dropout.jpg\" target=\"_blank\" rel=\"noreferrer noopener\">Opzione a velocit\u00e0 singola<\/a> (prezzo basato sui dettagli della richiesta)<\/li>\n\n\n\n<li>Logo o design personalizzato (prezzo basato sui dettagli della richiesta)<\/li>\n\n\n\n<li><a href=\"https:\/\/photos.app.goo.gl\/N3CGkFgTuKfhSw3x8\" target=\"_blank\" rel=\"noreferrer noopener\">Finitura satinata a mano<\/a>, 300 euro.<\/li>\n\n\n\n<li><a href=\"https:\/\/flic.kr\/p\/wxhVXU\" target=\"_blank\" rel=\"noreferrer noopener\">Trasmissione a cinghia Gates Carbon Drive<\/a> (prezzo basato sui dettagli della richiesta)<\/li>\n\n\n\n<li>Linea completa di componenti OEM da <a href=\"https:\/\/enve.com\/en\" target=\"_blank\" rel=\"noreferrer noopener\">Enve Composites (Stati Uniti)<\/a>, inclusi set di ruote, manubri, reggisella, forcelle e attacchi manubrio.<\/li>\n\n\n\n<li>Linea completa di componenti OEM da <a href=\"https:\/\/chrisking.com\/\" target=\"_blank\" rel=\"noreferrer noopener\">Chris King (Stati Uniti)<\/a>, tra cui set di ruote, mozzi, movimenti centrali e serie sterzo realizzati a mano su misura.<\/li>\n<\/ul>\n\n\n\n<p>I prezzi delle opzioni possono variare senza preavviso.<\/p>\n\n\n\n<p>Si prega di notare che non costruisco telai con reggisella integrati.<\/p>\n<\/div>\n\n\n\n<div class=\"wp-block-buttons is-content-justification-center is-layout-flex wp-container-core-buttons-is-layout-16018d1d wp-block-buttons-is-layout-flex\">\n<div class=\"wp-block-button is-style-fill\"><a class=\"wp-block-button__link has-contrast-2-color has-global-color-2-background-color has-text-color has-background has-link-color has-small-font-size has-text-align-center has-custom-font-size wp-element-button\" href=\"https:\/\/crisptitanium.com\/it\/contact\/\" style=\"border-top-left-radius:1px;border-top-right-radius:1px;border-bottom-left-radius:1px;border-bottom-right-radius:1px\" target=\"_blank\" rel=\"noreferrer noopener\">RICHIEDI UN PREVENTIVO<\/a><\/div>\n<\/div>\n<\/div>\n<\/div>\n\n\n\n<div data-aos= \"fade-up\" data-aos-duration=\"400\" data-aos-delay=\"0\" data-aos-easing=\"ease\" data-aos-once=\"true\" class=\"wp-block-uagb-container uagb-block-6dace957 alignfull uagb-is-root-container\">\t\t\t\t\t<div\n\t\t\t\t\t\tclass=\"wp-block-uagb-image-gallery uagb-block-574d7ae9\"\n\t\t\t\t\t\tstyle=\"\"\n\t\t\t\t\t>\n\t\t\t\t\t\t\t\t\t\t\t<div data-aos= \"fade-up\" data-aos-duration=\"400\" data-aos-delay=\"0\" data-aos-easing=\"ease\" data-aos-once=\"true\" class=\"spectra-image-gallery spectra-image-gallery__layout--grid spectra-image-gallery__layout--grid-col-3 spectra-image-gallery__layout--grid-col-tab-3 spectra-image-gallery__layout--grid-col-mob-3\">\n\t\t\t\t\t\t\t\t\t\t\t<div class='spectra-image-gallery__media-wrapper' data-spectra-gallery-image-id='1306' tabindex=\"0\">\n\t\t\t\t\t\t\t<div class=\"spectra-image-gallery__media spectra-image-gallery__media--grid\">\n\t\t\t\t<picture>\n\t\t\t\t\t<source media=\"(min-width: 1024px)\" srcset=\"https:\/\/crisptitanium.com\/wp-content\/uploads\/2026\/01\/Zanca_AR1.jpg\">\n\t\t\t\t\t<source media=\"(min-width: 768px)\" srcset=\"https:\/\/crisptitanium.com\/wp-content\/uploads\/2026\/01\/Zanca_AR1-1024x1024.jpg\">\n\t\t\t\t\t<img decoding=\"async\" class=\"spectra-image-gallery__media-thumbnail spectra-image-gallery__media-thumbnail--grid\" src=\"https:\/\/crisptitanium.com\/wp-content\/uploads\/2026\/01\/Zanca_AR1-300x300.jpg\" alt=\"\" loading=\"lazy\" \/>\n\t\t\t\t<\/picture>\n\t\t\t\t<div class=\"spectra-image-gallery__media-thumbnail-blurrer\"><\/div>\n\t\t\t\t\t\t\t\t\t\t\t<div class=\"spectra-image-gallery__media-thumbnail-caption-wrapper spectra-image-gallery__media-thumbnail-caption-wrapper--overlay\">\n\t\t\t\t\t\t\t\t\t\t\t<div class=\"spectra-image-gallery__media-thumbnail-caption spectra-image-gallery__media-thumbnail-caption--overlay\">\n\t\t\t\t\t\t\t\t\t<\/div>\n\t\t\t\t\t\t\t\t\t\t<\/div>\n\t\t\t\t\t\t\t\t\t<\/div>\n\t\t\t\t\t\t<\/div>\n\t\t\t\t\t\t<div class='spectra-image-gallery__media-wrapper' data-spectra-gallery-image-id='1308' tabindex=\"0\">\n\t\t\t\t\t\t\t<div class=\"spectra-image-gallery__media spectra-image-gallery__media--grid\">\n\t\t\t\t<picture>\n\t\t\t\t\t<source media=\"(min-width: 1024px)\" srcset=\"https:\/\/crisptitanium.com\/wp-content\/uploads\/2026\/01\/Zanca_AR3.jpg\">\n\t\t\t\t\t<source media=\"(min-width: 768px)\" srcset=\"https:\/\/crisptitanium.com\/wp-content\/uploads\/2026\/01\/Zanca_AR3-1024x1024.jpg\">\n\t\t\t\t\t<img decoding=\"async\" class=\"spectra-image-gallery__media-thumbnail spectra-image-gallery__media-thumbnail--grid\" src=\"https:\/\/crisptitanium.com\/wp-content\/uploads\/2026\/01\/Zanca_AR3-300x300.jpg\" alt=\"\" loading=\"lazy\" \/>\n\t\t\t\t<\/picture>\n\t\t\t\t<div class=\"spectra-image-gallery__media-thumbnail-blurrer\"><\/div>\n\t\t\t\t\t\t\t\t\t\t\t<div class=\"spectra-image-gallery__media-thumbnail-caption-wrapper spectra-image-gallery__media-thumbnail-caption-wrapper--overlay\">\n\t\t\t\t\t\t\t\t\t\t\t<div class=\"spectra-image-gallery__media-thumbnail-caption spectra-image-gallery__media-thumbnail-caption--overlay\">\n\t\t\t\t\t\t\t\t\t<\/div>\n\t\t\t\t\t\t\t\t\t\t<\/div>\n\t\t\t\t\t\t\t\t\t<\/div>\n\t\t\t\t\t\t<\/div>\n\t\t\t\t\t\t<div class='spectra-image-gallery__media-wrapper' data-spectra-gallery-image-id='1305' tabindex=\"0\">\n\t\t\t\t\t\t\t<div class=\"spectra-image-gallery__media spectra-image-gallery__media--grid\">\n\t\t\t\t<picture>\n\t\t\t\t\t<source media=\"(min-width: 1024px)\" srcset=\"https:\/\/crisptitanium.com\/wp-content\/uploads\/2026\/01\/Yoshi_AR2.jpg\">\n\t\t\t\t\t<source media=\"(min-width: 768px)\" srcset=\"https:\/\/crisptitanium.com\/wp-content\/uploads\/2026\/01\/Yoshi_AR2-1024x1024.jpg\">\n\t\t\t\t\t<img decoding=\"async\" class=\"spectra-image-gallery__media-thumbnail spectra-image-gallery__media-thumbnail--grid\" src=\"https:\/\/crisptitanium.com\/wp-content\/uploads\/2026\/01\/Yoshi_AR2-300x300.jpg\" alt=\"\" loading=\"lazy\" \/>\n\t\t\t\t<\/picture>\n\t\t\t\t<div class=\"spectra-image-gallery__media-thumbnail-blurrer\"><\/div>\n\t\t\t\t\t\t\t\t\t\t\t<div class=\"spectra-image-gallery__media-thumbnail-caption-wrapper spectra-image-gallery__media-thumbnail-caption-wrapper--overlay\">\n\t\t\t\t\t\t\t\t\t\t\t<div class=\"spectra-image-gallery__media-thumbnail-caption spectra-image-gallery__media-thumbnail-caption--overlay\">\n\t\t\t\t\t\t\t\t\t<\/div>\n\t\t\t\t\t\t\t\t\t\t<\/div>\n\t\t\t\t\t\t\t\t\t<\/div>\n\t\t\t\t\t\t<\/div>\n\t\t\t\t\t\t<div class='spectra-image-gallery__media-wrapper' data-spectra-gallery-image-id='6329' tabindex=\"0\">\n\t\t\t\t\t\t\t<div class=\"spectra-image-gallery__media spectra-image-gallery__media--grid\">\n\t\t\t\t<picture>\n\t\t\t\t\t<source media=\"(min-width: 1024px)\" srcset=\"https:\/\/crisptitanium.com\/wp-content\/uploads\/2026\/01\/Cammisecra_GVL.jpg\">\n\t\t\t\t\t<source media=\"(min-width: 768px)\" srcset=\"https:\/\/crisptitanium.com\/wp-content\/uploads\/2026\/01\/Cammisecra_GVL-851x1024.jpg\">\n\t\t\t\t\t<img decoding=\"async\" class=\"spectra-image-gallery__media-thumbnail spectra-image-gallery__media-thumbnail--grid\" src=\"https:\/\/crisptitanium.com\/wp-content\/uploads\/2026\/01\/Cammisecra_GVL-249x300.jpg\" alt=\"\" loading=\"lazy\" \/>\n\t\t\t\t<\/picture>\n\t\t\t\t<div class=\"spectra-image-gallery__media-thumbnail-blurrer\"><\/div>\n\t\t\t\t\t\t\t\t\t\t\t<div class=\"spectra-image-gallery__media-thumbnail-caption-wrapper spectra-image-gallery__media-thumbnail-caption-wrapper--overlay\">\n\t\t\t\t\t\t\t\t\t\t\t<div class=\"spectra-image-gallery__media-thumbnail-caption spectra-image-gallery__media-thumbnail-caption--overlay\">\n\t\t\t\t\t\t\t\t\t<\/div>\n\t\t\t\t\t\t\t\t\t\t<\/div>\n\t\t\t\t\t\t\t\t\t<\/div>\n\t\t\t\t\t\t<\/div>\n\t\t\t\t\t\t<div class='spectra-image-gallery__media-wrapper' data-spectra-gallery-image-id='6328' tabindex=\"0\">\n\t\t\t\t\t\t\t<div class=\"spectra-image-gallery__media spectra-image-gallery__media--grid\">\n\t\t\t\t<picture>\n\t\t\t\t\t<source media=\"(min-width: 1024px)\" srcset=\"https:\/\/crisptitanium.com\/wp-content\/uploads\/2026\/01\/miglio_adv-scaled.jpg\">\n\t\t\t\t\t<source media=\"(min-width: 768px)\" srcset=\"https:\/\/crisptitanium.com\/wp-content\/uploads\/2026\/01\/miglio_adv-582x1024.jpg\">\n\t\t\t\t\t<img decoding=\"async\" class=\"spectra-image-gallery__media-thumbnail spectra-image-gallery__media-thumbnail--grid\" src=\"https:\/\/crisptitanium.com\/wp-content\/uploads\/2026\/01\/miglio_adv-170x300.jpg\" alt=\"\" loading=\"lazy\" \/>\n\t\t\t\t<\/picture>\n\t\t\t\t<div class=\"spectra-image-gallery__media-thumbnail-blurrer\"><\/div>\n\t\t\t\t\t\t\t\t\t\t\t<div class=\"spectra-image-gallery__media-thumbnail-caption-wrapper spectra-image-gallery__media-thumbnail-caption-wrapper--overlay\">\n\t\t\t\t\t\t\t\t\t\t\t<div class=\"spectra-image-gallery__media-thumbnail-caption spectra-image-gallery__media-thumbnail-caption--overlay\">\n\t\t\t\t\t\t\t\t\t<\/div>\n\t\t\t\t\t\t\t\t\t\t<\/div>\n\t\t\t\t\t\t\t\t\t<\/div>\n\t\t\t\t\t\t<\/div>\n\t\t\t\t\t\t<div class='spectra-image-gallery__media-wrapper' data-spectra-gallery-image-id='6327' tabindex=\"0\">\n\t\t\t\t\t\t\t<div class=\"spectra-image-gallery__media spectra-image-gallery__media--grid\">\n\t\t\t\t<picture>\n\t\t\t\t\t<source media=\"(min-width: 1024px)\" srcset=\"https:\/\/crisptitanium.com\/wp-content\/uploads\/2026\/01\/Consalvi_GVL.jpg\">\n\t\t\t\t\t<source media=\"(min-width: 768px)\" srcset=\"https:\/\/crisptitanium.com\/wp-content\/uploads\/2026\/01\/Consalvi_GVL-1024x576.jpg\">\n\t\t\t\t\t<img decoding=\"async\" class=\"spectra-image-gallery__media-thumbnail spectra-image-gallery__media-thumbnail--grid\" src=\"https:\/\/crisptitanium.com\/wp-content\/uploads\/2026\/01\/Consalvi_GVL-300x169.jpg\" alt=\"\" loading=\"lazy\" \/>\n\t\t\t\t<\/picture>\n\t\t\t\t<div class=\"spectra-image-gallery__media-thumbnail-blurrer\"><\/div>\n\t\t\t\t\t\t\t\t\t\t\t<div class=\"spectra-image-gallery__media-thumbnail-caption-wrapper spectra-image-gallery__media-thumbnail-caption-wrapper--overlay\">\n\t\t\t\t\t\t\t\t\t\t\t<div class=\"spectra-image-gallery__media-thumbnail-caption spectra-image-gallery__media-thumbnail-caption--overlay\">\n\t\t\t\t\t\t\t\t\t<\/div>\n\t\t\t\t\t\t\t\t\t\t<\/div>\n\t\t\t\t\t\t\t\t\t<\/div>\n\t\t\t\t\t\t<\/div>\n\t\t\t\t\t\t\t\t\t\t<\/div>\n\t\t\t\t\t\t\t\t\t\t\t\t\t\t\t\t\t\t<\/div>\n\t\t\t\t\t\t\t\t\t<\/div>","protected":false},"excerpt":{"rendered":"<p>Gravel\/Adventure When the map becomes a suggestion. Stable, composed, and quietly capable, this bike is meant for leaving the obvious route behind. It carries speed when it matters and patience when it doesn\u2019t, encouraging you to keep going simply because the road hasn\u2019t ended yet. Less about arriving, more about staying out there. Below is &#8230; <a title=\"Biciclette Gravel\/Adventure\" class=\"read-more\" href=\"https:\/\/crisptitanium.com\/it\/bikes-gravel-adventure\/\" aria-label=\"Per saperne di pi\u00f9 su Bikes-Gravel\/Adventure\">Leggi tutto<\/a><\/p>","protected":false},"author":2,"featured_media":0,"parent":0,"menu_order":0,"comment_status":"closed","ping_status":"closed","template":"","meta":{"_uag_custom_page_level_css":"","footnotes":""},"class_list":["post-1095","page","type-page","status-publish"],"uagb_featured_image_src":{"full":false,"thumbnail":false,"medium":false,"medium_large":false,"large":false,"tf-client-image-size":false,"1536x1536":false,"2048x2048":false,"trp-custom-language-flag":false},"uagb_author_info":{"display_name":"Darren Crisp","author_link":"https:\/\/crisptitanium.com\/it\/author\/ct-webmaster\/"},"uagb_comment_info":0,"uagb_excerpt":"Gravel\/Adventure When the map becomes a suggestion. Stable, composed, and quietly capable, this bike is meant for leaving the obvious route behind. It carries speed when it matters and patience when it doesn\u2019t, encouraging you to keep going simply because the road hasn\u2019t ended yet. Less about arriving, more about staying out there. Below is&hellip;","_links":{"self":[{"href":"https:\/\/crisptitanium.com\/it\/wp-json\/wp\/v2\/pages\/1095","targetHints":{"allow":["GET"]}}],"collection":[{"href":"https:\/\/crisptitanium.com\/it\/wp-json\/wp\/v2\/pages"}],"about":[{"href":"https:\/\/crisptitanium.com\/it\/wp-json\/wp\/v2\/types\/page"}],"author":[{"embeddable":true,"href":"https:\/\/crisptitanium.com\/it\/wp-json\/wp\/v2\/users\/2"}],"replies":[{"embeddable":true,"href":"https:\/\/crisptitanium.com\/it\/wp-json\/wp\/v2\/comments?post=1095"}],"version-history":[{"count":20,"href":"https:\/\/crisptitanium.com\/it\/wp-json\/wp\/v2\/pages\/1095\/revisions"}],"predecessor-version":[{"id":6586,"href":"https:\/\/crisptitanium.com\/it\/wp-json\/wp\/v2\/pages\/1095\/revisions\/6586"}],"wp:attachment":[{"href":"https:\/\/crisptitanium.com\/it\/wp-json\/wp\/v2\/media?parent=1095"}],"curies":[{"name":"parola chiave","href":"https:\/\/api.w.org\/{rel}","templated":true}]}}